{"id":19267,"date":"2022-01-24T16:56:00","date_gmt":"2022-01-24T15:56:00","guid":{"rendered":"https:\/\/metalartconcept.com\/?page_id=19267"},"modified":"2023-08-18T08:55:14","modified_gmt":"2023-08-18T06:55:14","slug":"maengelgewaehrleistung","status":"publish","type":"page","link":"https:\/\/metalartconcept.com\/de\/maengelgewaehrleistung\/","title":{"rendered":"M\u00e4ngelgew\u00e4hrleistung"},"content":{"rendered":"\t\t<div data-elementor-type=\"wp-page\" data-elementor-id=\"19267\" class=\"elementor elementor-19267 elementor-10491\" data-elementor-post-type=\"page\">\n\t\t\t\t\t\t<section class=\"elementor-section elementor-top-section elementor-element elementor-element-e112314 elementor-reverse-mobile elementor-section-boxed elementor-section-height-default elementor-section-height-default\" data-id=\"e112314\" data-element_type=\"section\" data-e-type=\"section\" data-settings=\"{&quot;jet_parallax_layout_list&quot;:[{&quot;jet_parallax_layout_image&quot;:{&quot;url&quot;:&quot;&quot;,&quot;id&quot;:&quot;&quot;,&quot;size&quot;:&quot;&quot;},&quot;_id&quot;:&quot;8208a2a&quot;,&quot;jet_parallax_layout_image_tablet&quot;:{&quot;url&quot;:&quot;&quot;,&quot;id&quot;:&quot;&quot;,&quot;size&quot;:&quot;&quot;},&quot;jet_parallax_layout_image_mobile&quot;:{&quot;url&quot;:&quot;&quot;,&quot;id&quot;:&quot;&quot;,&quot;size&quot;:&quot;&quot;},&quot;jet_parallax_layout_speed&quot;:{&quot;unit&quot;:&quot;%&quot;,&quot;size&quot;:50,&quot;sizes&quot;:[]},&quot;jet_parallax_layout_type&quot;:&quot;scroll&quot;,&quot;jet_parallax_layout_direction&quot;:&quot;1&quot;,&quot;jet_parallax_layout_fx_direction&quot;:null,&quot;jet_parallax_layout_z_index&quot;:&quot;&quot;,&quot;jet_parallax_layout_bg_x&quot;:50,&quot;jet_parallax_layout_bg_x_tablet&quot;:&quot;&quot;,&quot;jet_parallax_layout_bg_x_mobile&quot;:&quot;&quot;,&quot;jet_parallax_layout_bg_y&quot;:50,&quot;jet_parallax_layout_bg_y_tablet&quot;:&quot;&quot;,&quot;jet_parallax_layout_bg_y_mobile&quot;:&quot;&quot;,&quot;jet_parallax_layout_bg_size&quot;:&quot;auto&quot;,&quot;jet_parallax_layout_bg_size_tablet&quot;:&quot;&quot;,&quot;jet_parallax_layout_bg_size_mobile&quot;:&quot;&quot;,&quot;jet_parallax_layout_animation_prop&quot;:&quot;transform&quot;,&quot;jet_parallax_layout_on&quot;:[&quot;desktop&quot;,&quot;tablet&quot;]}]}\">\n\t\t\t\t\t\t<div class=\"elementor-container elementor-column-gap-default\">\n\t\t\t\t\t<div class=\"elementor-column elementor-col-50 elementor-top-column elementor-element elementor-element-aef4690\" data-id=\"aef4690\" data-element_type=\"column\" data-e-type=\"column\">\n\t\t\t<div class=\"elementor-widget-wrap elementor-element-populated\">\n\t\t\t\t\t\t<section class=\"elementor-section elementor-inner-section elementor-element elementor-element-097f7d2 elementor-section-boxed elementor-section-height-default elementor-section-height-default\" data-id=\"097f7d2\" data-element_type=\"section\" data-e-type=\"section\" data-settings=\"{&quot;jet_parallax_layout_list&quot;:[{&quot;jet_parallax_layout_image&quot;:{&quot;url&quot;:&quot;&quot;,&quot;id&quot;:&quot;&quot;,&quot;size&quot;:&quot;&quot;},&quot;_id&quot;:&quot;fe5c0bb&quot;,&quot;jet_parallax_layout_image_tablet&quot;:{&quot;url&quot;:&quot;&quot;,&quot;id&quot;:&quot;&quot;,&quot;size&quot;:&quot;&quot;},&quot;jet_parallax_layout_image_mobile&quot;:{&quot;url&quot;:&quot;&quot;,&quot;id&quot;:&quot;&quot;,&quot;size&quot;:&quot;&quot;},&quot;jet_parallax_layout_speed&quot;:{&quot;unit&quot;:&quot;%&quot;,&quot;size&quot;:50,&quot;sizes&quot;:[]},&quot;jet_parallax_layout_type&quot;:&quot;scroll&quot;,&quot;jet_parallax_layout_direction&quot;:&quot;1&quot;,&quot;jet_parallax_layout_fx_direction&quot;:null,&quot;jet_parallax_layout_z_index&quot;:&quot;&quot;,&quot;jet_parallax_layout_bg_x&quot;:50,&quot;jet_parallax_layout_bg_x_tablet&quot;:&quot;&quot;,&quot;jet_parallax_layout_bg_x_mobile&quot;:&quot;&quot;,&quot;jet_parallax_layout_bg_y&quot;:50,&quot;jet_parallax_layout_bg_y_tablet&quot;:&quot;&quot;,&quot;jet_parallax_layout_bg_y_mobile&quot;:&quot;&quot;,&quot;jet_parallax_layout_bg_size&quot;:&quot;auto&quot;,&quot;jet_parallax_layout_bg_size_tablet&quot;:&quot;&quot;,&quot;jet_parallax_layout_bg_size_mobile&quot;:&quot;&quot;,&quot;jet_parallax_layout_animation_prop&quot;:&quot;transform&quot;,&quot;jet_parallax_layout_on&quot;:[&quot;desktop&quot;,&quot;tablet&quot;]}]}\">\n\t\t\t\t\t\t<div class=\"elementor-container elementor-column-gap-default\">\n\t\t\t\t\t<div class=\"elementor-column elementor-col-100 elementor-inner-column elementor-element elementor-element-7d61dc8\" data-id=\"7d61dc8\" data-element_type=\"column\" data-e-type=\"column\">\n\t\t\t<div class=\"elementor-widget-wrap\">\n\t\t\t\t\t\t\t<\/div>\n\t\t<\/div>\n\t\t\t\t\t<\/div>\n\t\t<\/section>\n\t\t\t\t\t<\/div>\n\t\t<\/div>\n\t\t\t\t<div class=\"elementor-column elementor-col-50 elementor-top-column elementor-element elementor-element-a8d8f9c\" data-id=\"a8d8f9c\" data-element_type=\"column\" data-e-type=\"column\">\n\t\t\t<div class=\"elementor-widget-wrap elementor-element-populated\">\n\t\t\t\t\t\t<div class=\"elementor-element elementor-element-ff53abd elementor-widget elementor-widget-heading\" data-id=\"ff53abd\" data-element_type=\"widget\" data-e-type=\"widget\" data-widget_type=\"heading.default\">\n\t\t\t\t<div class=\"elementor-widget-container\">\n\t\t\t\t\t<h2 class=\"elementor-heading-title elementor-size-default\">M\u00e4ngelgew\u00e4hrleistung<\/h2>\t\t\t\t<\/div>\n\t\t\t\t<\/div>\n\t\t\t\t<div class=\"elementor-element elementor-element-245960f elementor-widget elementor-widget-text-editor\" data-id=\"245960f\" data-element_type=\"widget\" data-e-type=\"widget\" data-widget_type=\"text-editor.default\">\n\t\t\t\t<div class=\"elementor-widget-container\">\n\t\t\t\t\t\t\t\t\t<p>Der Kunde ist verpflichtet, die gelieferte Ware nach Eingang seiner Bestellung zu \u00fcberpr\u00fcfen.<\/p><p>Der Kunde ist daf\u00fcr verantwortlich, dass zum Zeitpunkt der Lieferung keine offensichtlichen M\u00e4ngel vorliegen (geliefertes Produkt, das nicht dem bestellten Produkt entspricht, unvollst\u00e4ndiges Produkt usw.).<\/p><p>Bei offensichtlichen M\u00e4ngeln hat der Kunde (oder eine andere Person, die die Ware f\u00fcr ihn entgegennimmt) dies per E-Mail an folgende Adresse: <a href=\"mailto:info@didiervoirol.com\">info@metalartconcept.com<\/a> anzugeben. Mangels eines solchen Vorbehalts gelten diese M\u00e4ngel als genehmigt.<\/p><p>Bei M\u00e4ngeln, die zum Zeitpunkt der Lieferung nicht offensichtlich sind, muss der Kunde den Kundendienst innerhalb von 3 Arbeitstagen nach Kenntnisnahme des Mangels benachrichtigen, andernfalls gilt der Mangel als akzeptiert. F\u00fcr R\u00fccksendungen gilt das Verfahren von Artikel 13.<\/p><p>Beim Kauf mehrerer Produkte macht die Mangelhaftigkeit eines Produktes und dessen eventueller Ersatz oder die Unm\u00f6glichkeit des Versands nicht den gesamten Kaufvertrag ung\u00fcltig. MAC verwaltet die Bestellung jedes Produkts unabh\u00e4ngig.<\/p><p>\u00a0<\/p><p><strong>Artikel 13 \u2013<\/strong> <strong>R\u00fcckgabeverfahren<\/strong><\/p><p>Bei einem allgemeinen Widerrufsverlangen (Art. 8) oder Mangel (Art. 12), muss der Kunde, vor einer etwaigen R\u00fccksendung der Ware, vom Kundenservice eine Genehmigung zur R\u00fccksendung erhalten. Es werden keine Waren akzeptiert, ohne dass die R\u00fccksendung zuvor von MAC akzeptiert und validiert wurde.<\/p><p>Nach Erhalt der R\u00fccksendegenehmigung hat der Kunde 7 Werktage Zeit, die Ware an die von MAC angegebene Adresse zur\u00fcckzusenden. Bei Nichtbeachtung der Anweisungen von MAC oder bei \u00dcberschreitung der vorgenannten Frist wird die R\u00fccksendung verweigert und es erfolgt keine Erstattung durch MAC. Die R\u00fccksendung hat in der Originalverpackung und gegen Unterschrift zu erfolgen.<\/p><p>Die mit der R\u00fccksendung der Ware verbundenen Risiken tr\u00e4gt allein der Kunde. Ausser bei berechtigter R\u00fccksendung aufgrund eines Mangels (Artikel 12) gehen die R\u00fccksendekosten zu Lasten des Kunden.<\/p>\t\t\t\t\t\t\t\t<\/div>\n\t\t\t\t<\/div>\n\t\t\t\t\t<\/div>\n\t\t<\/div>\n\t\t\t\t\t<\/div>\n\t\t<\/section>\n\t\t\t\t<\/div>\n\t\t","protected":false},"excerpt":{"rendered":"<p>M\u00e4ngelgew\u00e4hrleistung Der Kunde ist verpflichtet, die gelieferte Ware nach Eingang seiner Bestellung zu \u00fcberpr\u00fcfen. Der Kunde ist daf\u00fcr verantwortlich, dass zum Zeitpunkt &hellip;<\/p>\n","protected":false},"author":1,"featured_media":0,"parent":0,"menu_order":0,"comment_status":"closed","ping_status":"open","template":"","meta":{"footnotes":""},"class_list":["post-19267","page","type-page","status-publish","hentry"],"_links":{"self":[{"href":"https:\/\/metalartconcept.com\/de\/wp-json\/wp\/v2\/pages\/19267","targetHints":{"allow":["GET"]}}],"collection":[{"href":"https:\/\/metalartconcept.com\/de\/wp-json\/wp\/v2\/pages"}],"about":[{"href":"https:\/\/metalartconcept.com\/de\/wp-json\/wp\/v2\/types\/page"}],"author":[{"embeddable":true,"href":"https:\/\/metalartconcept.com\/de\/wp-json\/wp\/v2\/users\/1"}],"replies":[{"embeddable":true,"href":"https:\/\/metalartconcept.com\/de\/wp-json\/wp\/v2\/comments?post=19267"}],"version-history":[{"count":3,"href":"https:\/\/metalartconcept.com\/de\/wp-json\/wp\/v2\/pages\/19267\/revisions"}],"predecessor-version":[{"id":65387,"href":"https:\/\/metalartconcept.com\/de\/wp-json\/wp\/v2\/pages\/19267\/revisions\/65387"}],"wp:attachment":[{"href":"https:\/\/metalartconcept.com\/de\/wp-json\/wp\/v2\/media?parent=19267"}],"curies":[{"name":"wp","href":"https:\/\/api.w.org\/{rel}","templated":true}]}}