{"id":19283,"date":"2022-01-24T17:11:47","date_gmt":"2022-01-24T16:11:47","guid":{"rendered":"https:\/\/metalartconcept.com\/?page_id=19283"},"modified":"2022-01-24T17:19:56","modified_gmt":"2022-01-24T16:19:56","slug":"datenschutz-bestimmungen","status":"publish","type":"page","link":"https:\/\/metalartconcept.com\/de\/datenschutz-bestimmungen\/","title":{"rendered":"Datenschutz-bestimmungen"},"content":{"rendered":"\t\t<div data-elementor-type=\"wp-page\" data-elementor-id=\"19283\" class=\"elementor elementor-19283 elementor-10506\" data-elementor-post-type=\"page\">\n\t\t\t\t\t\t<section class=\"elementor-section elementor-top-section elementor-element elementor-element-e112314 elementor-reverse-mobile elementor-section-boxed elementor-section-height-default elementor-section-height-default\" data-id=\"e112314\" data-element_type=\"section\" data-e-type=\"section\" data-settings=\"{&quot;jet_parallax_layout_list&quot;:[{&quot;jet_parallax_layout_image&quot;:{&quot;url&quot;:&quot;&quot;,&quot;id&quot;:&quot;&quot;,&quot;size&quot;:&quot;&quot;},&quot;_id&quot;:&quot;8208a2a&quot;,&quot;jet_parallax_layout_image_tablet&quot;:{&quot;url&quot;:&quot;&quot;,&quot;id&quot;:&quot;&quot;,&quot;size&quot;:&quot;&quot;},&quot;jet_parallax_layout_image_mobile&quot;:{&quot;url&quot;:&quot;&quot;,&quot;id&quot;:&quot;&quot;,&quot;size&quot;:&quot;&quot;},&quot;jet_parallax_layout_speed&quot;:{&quot;unit&quot;:&quot;%&quot;,&quot;size&quot;:50,&quot;sizes&quot;:[]},&quot;jet_parallax_layout_type&quot;:&quot;scroll&quot;,&quot;jet_parallax_layout_direction&quot;:&quot;1&quot;,&quot;jet_parallax_layout_fx_direction&quot;:null,&quot;jet_parallax_layout_z_index&quot;:&quot;&quot;,&quot;jet_parallax_layout_bg_x&quot;:50,&quot;jet_parallax_layout_bg_x_tablet&quot;:&quot;&quot;,&quot;jet_parallax_layout_bg_x_mobile&quot;:&quot;&quot;,&quot;jet_parallax_layout_bg_y&quot;:50,&quot;jet_parallax_layout_bg_y_tablet&quot;:&quot;&quot;,&quot;jet_parallax_layout_bg_y_mobile&quot;:&quot;&quot;,&quot;jet_parallax_layout_bg_size&quot;:&quot;auto&quot;,&quot;jet_parallax_layout_bg_size_tablet&quot;:&quot;&quot;,&quot;jet_parallax_layout_bg_size_mobile&quot;:&quot;&quot;,&quot;jet_parallax_layout_animation_prop&quot;:&quot;transform&quot;,&quot;jet_parallax_layout_on&quot;:[&quot;desktop&quot;,&quot;tablet&quot;]}]}\">\n\t\t\t\t\t\t<div class=\"elementor-container elementor-column-gap-default\">\n\t\t\t\t\t<div class=\"elementor-column elementor-col-50 elementor-top-column elementor-element elementor-element-aef4690\" data-id=\"aef4690\" data-element_type=\"column\" data-e-type=\"column\">\n\t\t\t<div class=\"elementor-widget-wrap elementor-element-populated\">\n\t\t\t\t\t\t<section class=\"elementor-section elementor-inner-section elementor-element elementor-element-097f7d2 elementor-section-boxed elementor-section-height-default elementor-section-height-default\" data-id=\"097f7d2\" data-element_type=\"section\" data-e-type=\"section\" data-settings=\"{&quot;jet_parallax_layout_list&quot;:[{&quot;jet_parallax_layout_image&quot;:{&quot;url&quot;:&quot;&quot;,&quot;id&quot;:&quot;&quot;,&quot;size&quot;:&quot;&quot;},&quot;_id&quot;:&quot;fe5c0bb&quot;,&quot;jet_parallax_layout_image_tablet&quot;:{&quot;url&quot;:&quot;&quot;,&quot;id&quot;:&quot;&quot;,&quot;size&quot;:&quot;&quot;},&quot;jet_parallax_layout_image_mobile&quot;:{&quot;url&quot;:&quot;&quot;,&quot;id&quot;:&quot;&quot;,&quot;size&quot;:&quot;&quot;},&quot;jet_parallax_layout_speed&quot;:{&quot;unit&quot;:&quot;%&quot;,&quot;size&quot;:50,&quot;sizes&quot;:[]},&quot;jet_parallax_layout_type&quot;:&quot;scroll&quot;,&quot;jet_parallax_layout_direction&quot;:&quot;1&quot;,&quot;jet_parallax_layout_fx_direction&quot;:null,&quot;jet_parallax_layout_z_index&quot;:&quot;&quot;,&quot;jet_parallax_layout_bg_x&quot;:50,&quot;jet_parallax_layout_bg_x_tablet&quot;:&quot;&quot;,&quot;jet_parallax_layout_bg_x_mobile&quot;:&quot;&quot;,&quot;jet_parallax_layout_bg_y&quot;:50,&quot;jet_parallax_layout_bg_y_tablet&quot;:&quot;&quot;,&quot;jet_parallax_layout_bg_y_mobile&quot;:&quot;&quot;,&quot;jet_parallax_layout_bg_size&quot;:&quot;auto&quot;,&quot;jet_parallax_layout_bg_size_tablet&quot;:&quot;&quot;,&quot;jet_parallax_layout_bg_size_mobile&quot;:&quot;&quot;,&quot;jet_parallax_layout_animation_prop&quot;:&quot;transform&quot;,&quot;jet_parallax_layout_on&quot;:[&quot;desktop&quot;,&quot;tablet&quot;]}]}\">\n\t\t\t\t\t\t<div class=\"elementor-container elementor-column-gap-default\">\n\t\t\t\t\t<div class=\"elementor-column elementor-col-100 elementor-inner-column elementor-element elementor-element-7d61dc8\" data-id=\"7d61dc8\" data-element_type=\"column\" data-e-type=\"column\">\n\t\t\t<div class=\"elementor-widget-wrap\">\n\t\t\t\t\t\t\t<\/div>\n\t\t<\/div>\n\t\t\t\t\t<\/div>\n\t\t<\/section>\n\t\t\t\t\t<\/div>\n\t\t<\/div>\n\t\t\t\t<div class=\"elementor-column elementor-col-50 elementor-top-column elementor-element elementor-element-a8d8f9c\" data-id=\"a8d8f9c\" data-element_type=\"column\" data-e-type=\"column\">\n\t\t\t<div class=\"elementor-widget-wrap elementor-element-populated\">\n\t\t\t\t\t\t<div class=\"elementor-element elementor-element-ff53abd elementor-widget elementor-widget-heading\" data-id=\"ff53abd\" data-element_type=\"widget\" data-e-type=\"widget\" data-widget_type=\"heading.default\">\n\t\t\t\t<div class=\"elementor-widget-container\">\n\t\t\t\t\t<h2 class=\"elementor-heading-title elementor-size-default\">Metalartconcept | Datenschutz-Bestimmungen<\/h2>\t\t\t\t<\/div>\n\t\t\t\t<\/div>\n\t\t\t\t<div class=\"elementor-element elementor-element-245960f elementor-widget elementor-widget-text-editor\" data-id=\"245960f\" data-element_type=\"widget\" data-e-type=\"widget\" data-widget_type=\"text-editor.default\">\n\t\t\t\t<div class=\"elementor-widget-container\">\n\t\t\t\t\t\t\t\t\t<p>Diese Datenschutzrichtlinie regelt die Art und Weise, in der Metalartconcept von Benutzern (jeweils ein &#8222;Benutzer&#8220;) der Website http:\/\/www. metalartconcept.com (&#8222;Site&#8220;) gesammelte Informationen sammelt, verwendet, pflegt und weitergibt. Diese Datenschutzrichtlinie gilt f\u00fcr die Website und alle Produkte und Dienstleistungen, die von Metalartconcept angeboten werden.<\/p><p><strong>Pers\u00f6nliche Identifikationsdaten<\/strong><\/p><p>Wir k\u00f6nnen pers\u00f6nliche Identifikationsinformationen von Benutzern auf verschiedene Weise sammeln, einschlie\u00dflich, aber nicht beschr\u00e4nkt auf, wenn Benutzer unsere Website besuchen, sich auf der Website registrieren, eine Bestellung aufgeben, den Newsletter abonnieren und im Zusammenhang mit anderen Aktivit\u00e4ten, Diensten Funktionen oder Ressourcen, die wir auf unserer Website zur Verf\u00fcgung stellen. Benutzer k\u00f6nnen gegebenenfalls nach Name, E-Mail-Adresse und Postanschrift gefragt werden. Benutzer k\u00f6nnen unsere Website jedoch anonym besuchen. Wir werden personenbezogene Daten von Benutzern nur dann sammeln, wenn sie uns diese Informationen freiwillig \u00fcbermitteln. Benutzer k\u00f6nnen sich jederzeit weigern, personenbezogene Daten anzugeben, mit der Ausnahme, dass sie m\u00f6glicherweise nicht an bestimmten Aktivit\u00e4ten im Zusammenhang mit der Website teilnehmen k\u00f6nnen.<\/p><p><strong>Nicht personenbezogene Identifikationsdaten<\/strong><\/p><p>Wir k\u00f6nnen nicht personenbezogene Identifikationsinformationen \u00fcber Benutzer sammeln, wenn diese mit unserer Website interagieren. Zu den nicht personenbezogenen Identifikationsinformationen k\u00f6nnen der Browsername, der Computertyp und technische Informationen zu den Verbindungsmitteln des Benutzers zu unserer Website geh\u00f6ren, z. B. das Betriebssystem und die verwendeten Internetdienstanbieter sowie andere \u00e4hnliche Informationen.<\/p><p><strong>Webbrowser-Cookies<\/strong><\/p><p>Unsere Website verwendet m\u00f6glicherweise &#8222;Cookies&#8220;, um die Benutzererfahrung zu verbessern. Der Webbrowser des Benutzers legt Cookies auf seiner Festplatte ab, um Aufzeichnungen zu f\u00fchren und manchmal Informationen \u00fcber sie zu verfolgen. Der Benutzer kann festlegen, dass sein Webbrowser Cookies ablehnt oder Sie benachrichtigt, wenn Cookies gesendet werden. Beachten Sie in diesem Fall, dass einige Teile der Website m\u00f6glicherweise nicht ordnungsgem\u00e4\u00df funktionieren.<\/p><p>Sie haben die M\u00f6glichkeit, Cookies zu deaktivieren, indem Sie zu den Optionen Ihres Browsers gehen. Klicken Sie auf den Link, der Ihrem Browser entspricht, um zu erfahren, wie Sie vorgehen m\u00fcssen:<\/p><ul><li><a href=\"https:\/\/support.google.com\/chrome\/answer\/95647?hl=fr\" target=\"_blank\" rel=\"noopener\">Google Chrome<\/a><\/li><li><a href=\"https:\/\/support.mozilla.org\/fr\/kb\/activer-desactiver-cookies\" target=\"_blank\" rel=\"noopener\">Mozilla Firefox<\/a><\/li><li><a href=\"http:\/\/support.apple.com\/kb\/PH17191?viewlocale=fr_FR&amp;locale=en_US\" target=\"_blank\" rel=\"noopener\">Safari<\/a><\/li><li><a href=\"http:\/\/help.opera.com\/Windows\/10.20\/fr\/cookies.html\" target=\"_blank\" rel=\"noopener\">Opera<\/a><\/li><li><a href=\"http:\/\/windows.microsoft.com\/fr-fr\/internet-explorer\/delete-manage-cookies#ie=ie-11\" target=\"_blank\" rel=\"noopener\">Internet Explorer<\/a><\/li><\/ul><p><strong>Wie wir gesammelte Informationen verwenden<\/strong><\/p><p>Metalartconcept, Brasilien Vertrieb SARL kann personenbezogene Daten von Benutzern f\u00fcr folgende Zwecke sammeln und verwenden: &#8211; Um den Kundenservice zu verbessern Die von Ihnen bereitgestellten Informationen helfen uns, effizienter auf Ihre Kundenanfragen und Supportanforderungen zu reagieren. &#8211; Zur Personalisierung der Benutzererfahrung Wir k\u00f6nnen Informationen in ihrer Gesamtheit verwenden, um zu verstehen, wie unsere Benutzer als Gruppe die auf unserer Website bereitgestellten Dienste und Ressourcen nutzen. &#8211; Zur Verbesserung unserer Website Wir verwenden m\u00f6glicherweise Ihr Feedback, um unsere Produkte und Dienstleistungen zu verbessern. &#8211; Zur Verarbeitung von Zahlungen Wir k\u00f6nnen die Informationen, die Benutzer bei der Bestellung \u00fcber sich selbst angeben, nur zur Erbringung von Dienstleistungen f\u00fcr diese Bestellung verwenden. Wir geben diese Informationen nicht an Dritte weiter, es sei denn, dies ist zur Erbringung der Dienstleistung erforderlich. &#8211; Durchf\u00fchrung einer Promotion, eines Wettbewerbs, einer Umfrage oder einer anderen Website-Funktion Um Benutzern Informationen zu senden, die sie zu Themen erhalten haben, von denen wir glauben, dass sie f\u00fcr sie von Interesse sind. &#8211; Um regelm\u00e4\u00dfige E-Mails zu senden Wir k\u00f6nnen die E-Mail-Adresse verwenden, um Benutzerinformationen und Aktualisierungen bez\u00fcglich ihrer Bestellung zu senden. Es kann auch verwendet werden, um auf ihre Anfragen, Fragen und \/ oder andere Anfragen zu antworten. Wenn sich der Benutzer f\u00fcr unsere Mailingliste entscheidet, erh\u00e4lt er E-Mails mit Unternehmensnachrichten, Aktualisierungen, zugeh\u00f6rigen Produkt- oder Serviceinformationen usw. Wenn der Benutzer den Erhalt zuk\u00fcnftiger E-Mails zu irgendeinem Zeitpunkt abbestellen m\u00f6chte, enthalten wir detaillierte Informationen Anweisungen zum Abbestellen am Ende jeder E-Mail. Wie wir Ihre Daten sch\u00fctzen<\/p><p>Wir ergreifen geeignete Verfahren zur Erfassung, Speicherung und Verarbeitung von Daten sowie Sicherheitsma\u00dfnahmen, um den unbefugten Zugriff, die \u00c4nderung, Offenlegung oder Zerst\u00f6rung Ihrer auf unserer Website gespeicherten pers\u00f6nlichen Daten, Benutzernamen, Passw\u00f6rter, Transaktionsinformationen und Daten zu verhindern.<\/p><p>Unsere Website entspricht den PCI-Schwachstellenstandards, um eine m\u00f6glichst sichere Umgebung f\u00fcr Benutzer zu schaffen.<\/p><p><strong>Teilen Sie Ihre pers\u00f6nlichen Daten<\/strong><\/p><p>Wir verkaufen, handeln oder vermieten keine pers\u00f6nlichen Identifikationsdaten von Benutzern an Dritte. Wir k\u00f6nnen generische aggregierte demografische Informationen, die nicht mit pers\u00f6nlichen Identifikationsinformationen zu Besuchern und Benutzern verkn\u00fcpft sind, f\u00fcr die oben genannten Zwecke an unsere Gesch\u00e4ftspartner, vertrauensw\u00fcrdigen Partner und Werbetreibenden weitergeben. Wir k\u00f6nnen Drittanbieter einsetzen, um unser Gesch\u00e4ft und die Website oder zu betreiben Verwalten Sie in unserem Auftrag Aktivit\u00e4ten wie das Versenden von Newslettern oder Umfragen. Wir k\u00f6nnen Ihre Daten f\u00fcr diese eingeschr\u00e4nkten Zwecke an diese Dritten weitergeben, sofern Sie uns Ihre Erlaubnis erteilt haben.<\/p><p><strong>Websites von Drittanbietern<\/strong><\/p><p>Benutzer k\u00f6nnen auf unserer Website Werbung oder andere Inhalte finden, die auf die Websites und Dienste unserer Partner, Lieferanten, Werbetreibenden, Sponsoren, Lizenzgeber und anderer Dritter verweisen. Wir kontrollieren nicht den Inhalt oder die Links, die auf diesen Websites erscheinen, und sind nicht verantwortlich f\u00fcr die Praktiken, die von Websites angewendet werden, die mit oder von unserer Website verlinkt sind. Dar\u00fcber hinaus k\u00f6nnen sich diese Websites oder Dienste, einschlie\u00dflich ihrer Inhalte und Links, st\u00e4ndig \u00e4ndern. Diese Websites und Dienste haben m\u00f6glicherweise ihre eigenen Datenschutzrichtlinien und Kundendienstrichtlinien. Das Surfen und die Interaktion auf anderen Websites, einschlie\u00dflich Websites, die einen Link zu unserer Website enthalten, unterliegen den eigenen Bedingungen und Richtlinien dieser Website.<\/p><p><strong>Werbung<\/strong><\/p><p>Anzeigen auf unserer Website werden m\u00f6glicherweise von Werbepartnern an Benutzer geliefert, die m\u00f6glicherweise Cookies setzen. Mit diesen Cookies kann der Ad-Server Ihren Computer jedes Mal erkennen, wenn er Ihnen eine Online-Werbung sendet, um nicht personenbezogene Identifikationsinformationen \u00fcber Sie oder andere Benutzer Ihres Computers zusammenzustellen. Mit diesen Informationen k\u00f6nnen Werbenetzwerke unter anderem gezielte Anzeigen schalten, von denen sie glauben, dass sie f\u00fcr Sie am interessantesten sind. Diese Datenschutzrichtlinie gilt nicht f\u00fcr die Verwendung von Cookies durch Werbetreibende.<\/p><p><strong>Google AdSense<\/strong><\/p><p>Einige der Anzeigen werden m\u00f6glicherweise von Google geschaltet. Durch die Verwendung des DART-Cookies durch Google k\u00f6nnen Anzeigen f\u00fcr Nutzer geschaltet werden, die diese Website und andere Websites im Internet besuchen. DART verwendet &#8222;nicht pers\u00f6nlich identifizierbare Informationen&#8220; und erfasst KEINE pers\u00f6nlichen Informationen \u00fcber Sie, wie z. B. Ihren Namen, Ihre E-Mail-Adresse, Ihre physische Adresse usw. Sie k\u00f6nnen die Verwendung des DART-Cookies durch Aufrufen der Google-Anzeige und des Datenschutzes im Content-Werbenetzwerk deaktivieren Richtlinien unter http:\/\/www.google.com\/privacy_ads.html<\/p><p><strong>\u00c4nderungen dieser Datenschutzrichtlinie<\/strong><\/p><p>Es liegt im Ermessen von Metalartconcept diese Datenschutzrichtlinie jederzeit zu aktualisieren. Wenn wir dies tun, werden wir das aktualisierte Datum am Ende dieser Seite \u00fcberarbeiten. Wir empfehlen Benutzern, diese Seite regelm\u00e4\u00dfig auf \u00c4nderungen zu \u00fcberpr\u00fcfen, um dar\u00fcber informiert zu bleiben, wie wir zum Schutz der von uns gesammelten pers\u00f6nlichen Daten beitragen. Sie erkennen an und stimmen zu, dass es in Ihrer Verantwortung liegt, diese Datenschutzrichtlinie regelm\u00e4\u00dfig zu \u00fcberpr\u00fcfen und auf \u00c4nderungen aufmerksam zu machen.<\/p><p><strong>Ihre Zustimmung zu diesen Bedingungen<\/strong><\/p><p>Durch die Nutzung dieser Website erkl\u00e4ren Sie Ihr Einverst\u00e4ndnis mit diesen Richtlinien und Nutzungsbedingungen. Wenn Sie dieser Richtlinie nicht zustimmen, verwenden Sie unsere Website bitte nicht. Ihre fortgesetzte Nutzung der Website nach der Ver\u00f6ffentlichung von \u00c4nderungen an dieser Richtlinie gilt als Ihre Zustimmung zu diesen \u00c4nderungen.<\/p><p><strong>Die Rechte, die Sie an Ihren Daten haben<\/strong><\/p><p>Wenn Sie ein Konto haben oder Kommentare auf der Website hinterlassen haben, k\u00f6nnen Sie eine Datei anfordern, die alle pers\u00f6nlichen Daten enth\u00e4lt, die wir \u00fcber Sie haben, einschlie\u00dflich der Daten, die Sie uns zur Verf\u00fcgung gestellt haben. Sie k\u00f6nnen auch die L\u00f6schung Ihrer pers\u00f6nlichen Daten beantragen. Daten, die zu administrativen, rechtlichen oder Sicherheitszwecken gespeichert wurden, werden hierbei nicht ber\u00fccksichtigt.<\/p><p>Sie k\u00f6nnen die L\u00f6schung Ihrer pers\u00f6nlichen Daten beantragen, indem Sie eine E-Mail an die folgende Adresse senden: <a href=\"mailto:info@ metalartconcept.com\">info@ metalartconcept.com<\/a><\/p><p><strong>Uns kontaktieren<\/strong><\/p><p>Wenn Sie Fragen zu dieser Datenschutzrichtlinie, den Praktiken dieser Website oder Ihrem Umgang mit dieser Website haben, wenden Sie sich bitte an: Metalartconcept S\u00e0rl, <a href=\"http:\/\/www. metalartconcept.com\">https:\/\/www. metalartconcept.com<\/a>, Rue de l\u2019Industrie 13, 1860 Aigle, +41 21 311 99 00,<\/p><p><a href=\"mailto:info@ metalartconcept.com\">info@ metalartconcept.com<\/a><\/p><p>Dieses Dokument wurde zuletzt am 10.01 2022 aktualisiert.<\/p><p>Datenschutzrichtlinie erstellt von Generate Privacy Policy<\/p>\t\t\t\t\t\t\t\t<\/div>\n\t\t\t\t<\/div>\n\t\t\t\t\t<\/div>\n\t\t<\/div>\n\t\t\t\t\t<\/div>\n\t\t<\/section>\n\t\t\t\t<\/div>\n\t\t","protected":false},"excerpt":{"rendered":"<p>Unsere Engagements Lieferung M\u00e4ngelgew\u00e4hrleistung Allgemeine gesch\u00e4ftsbedingungen FAQ Metalartconcept | Datenschutz-Bestimmungen Diese Datenschutzrichtlinie regelt die Art und Weise, in der Metalartconcept von Benutzern &hellip;<\/p>\n","protected":false},"author":1,"featured_media":0,"parent":0,"menu_order":0,"comment_status":"closed","ping_status":"open","template":"","meta":{"footnotes":""},"class_list":["post-19283","page","type-page","status-publish","hentry"],"_links":{"self":[{"href":"https:\/\/metalartconcept.com\/de\/wp-json\/wp\/v2\/pages\/19283","targetHints":{"allow":["GET"]}}],"collection":[{"href":"https:\/\/metalartconcept.com\/de\/wp-json\/wp\/v2\/pages"}],"about":[{"href":"https:\/\/metalartconcept.com\/de\/wp-json\/wp\/v2\/types\/page"}],"author":[{"embeddable":true,"href":"https:\/\/metalartconcept.com\/de\/wp-json\/wp\/v2\/users\/1"}],"replies":[{"embeddable":true,"href":"https:\/\/metalartconcept.com\/de\/wp-json\/wp\/v2\/comments?post=19283"}],"version-history":[{"count":0,"href":"https:\/\/metalartconcept.com\/de\/wp-json\/wp\/v2\/pages\/19283\/revisions"}],"wp:attachment":[{"href":"https:\/\/metalartconcept.com\/de\/wp-json\/wp\/v2\/media?parent=19283"}],"curies":[{"name":"wp","href":"https:\/\/api.w.org\/{rel}","templated":true}]}}