{"id":39548,"date":"2022-02-15T19:05:18","date_gmt":"2022-02-15T18:05:18","guid":{"rendered":"https:\/\/metalartconcept.com\/produit\/modzon-c02-olive-green-m-olive\/"},"modified":"2026-02-04T00:02:04","modified_gmt":"2026-02-03T23:02:04","slug":"modzon-c02-olive-green-m-olive","status":"publish","type":"product","link":"https:\/\/metalartconcept.com\/de\/produit\/modzon-c02-olive-green-m-olive\/","title":{"rendered":"Modzon C02 Olive green M\/ Olive"},"content":{"rendered":"<p>Lunettes haut de gamme repr\u00e9sentant discr\u00e8tement sur les branches les traditions helv\u00e9tiques.<\/p>\n","protected":false},"excerpt":{"rendered":"<p>Lunettes haut de gamme repr\u00e9sentant discr\u00e8tement sur les branches les traditions helv\u00e9tiques.<\/p>\n","protected":false},"featured_media":37064,"template":"","meta":[],"product_brand":[],"product_cat":[489],"product_tag":[461],"class_list":{"0":"post-39548","1":"product","2":"type-product","3":"status-publish","4":"has-post-thumbnail","6":"product_cat-optik","7":"product_tag-dv-tradition-de","9":"first","10":"instock","11":"taxable","12":"shipping-taxable","13":"purchasable","14":"product-type-simple"},"_links":{"self":[{"href":"https:\/\/metalartconcept.com\/de\/wp-json\/wp\/v2\/product\/39548","targetHints":{"allow":["GET"]}}],"collection":[{"href":"https:\/\/metalartconcept.com\/de\/wp-json\/wp\/v2\/product"}],"about":[{"href":"https:\/\/metalartconcept.com\/de\/wp-json\/wp\/v2\/types\/product"}],"version-history":[{"count":1,"href":"https:\/\/metalartconcept.com\/de\/wp-json\/wp\/v2\/product\/39548\/revisions"}],"predecessor-version":[{"id":61834,"href":"https:\/\/metalartconcept.com\/de\/wp-json\/wp\/v2\/product\/39548\/revisions\/61834"}],"wp:featuredmedia":[{"embeddable":true,"href":"https:\/\/metalartconcept.com\/de\/wp-json\/wp\/v2\/media\/37064"}],"wp:attachment":[{"href":"https:\/\/metalartconcept.com\/de\/wp-json\/wp\/v2\/media?parent=39548"}],"wp:term":[{"taxonomy":"product_brand","embeddable":true,"href":"https:\/\/metalartconcept.com\/de\/wp-json\/wp\/v2\/product_brand?post=39548"},{"taxonomy":"product_cat","embeddable":true,"href":"https:\/\/metalartconcept.com\/de\/wp-json\/wp\/v2\/product_cat?post=39548"},{"taxonomy":"product_tag","embeddable":true,"href":"https:\/\/metalartconcept.com\/de\/wp-json\/wp\/v2\/product_tag?post=39548"}],"curies":[{"name":"wp","href":"https:\/\/api.w.org\/{rel}","templated":true}]}}