{"id":39555,"date":"2022-02-15T19:05:17","date_gmt":"2022-02-15T18:05:17","guid":{"rendered":"https:\/\/metalartconcept.com\/produit\/modzon-c01-black-m-grey-gradiant-m\/"},"modified":"2024-09-03T00:01:46","modified_gmt":"2024-09-02T22:01:46","slug":"modzon-c01-black-m-grey-gradiant-m","status":"publish","type":"product","link":"https:\/\/metalartconcept.com\/de\/produit\/modzon-c01-black-m-grey-gradiant-m\/","title":{"rendered":"Modzon C01 Black M\/Grey gradiant M"},"content":{"rendered":"<p>Lunettes haut de gamme repr\u00e9sentant discr\u00e8tement sur les branches les traditions helv\u00e9tiques.<\/p>\n","protected":false},"excerpt":{"rendered":"<p>Lunettes haut de gamme repr\u00e9sentant discr\u00e8tement sur les branches les traditions helv\u00e9tiques.<\/p>\n","protected":false},"featured_media":36343,"template":"","meta":[],"product_brand":[],"product_cat":[489],"product_tag":[461],"class_list":{"0":"post-39555","1":"product","2":"type-product","3":"status-publish","4":"has-post-thumbnail","6":"product_cat-optik","7":"product_tag-dv-tradition-de","9":"first","10":"instock","11":"taxable","12":"shipping-taxable","13":"purchasable","14":"product-type-simple"},"_links":{"self":[{"href":"https:\/\/metalartconcept.com\/de\/wp-json\/wp\/v2\/product\/39555","targetHints":{"allow":["GET"]}}],"collection":[{"href":"https:\/\/metalartconcept.com\/de\/wp-json\/wp\/v2\/product"}],"about":[{"href":"https:\/\/metalartconcept.com\/de\/wp-json\/wp\/v2\/types\/product"}],"version-history":[{"count":1,"href":"https:\/\/metalartconcept.com\/de\/wp-json\/wp\/v2\/product\/39555\/revisions"}],"predecessor-version":[{"id":64900,"href":"https:\/\/metalartconcept.com\/de\/wp-json\/wp\/v2\/product\/39555\/revisions\/64900"}],"wp:featuredmedia":[{"embeddable":true,"href":"https:\/\/metalartconcept.com\/de\/wp-json\/wp\/v2\/media\/36343"}],"wp:attachment":[{"href":"https:\/\/metalartconcept.com\/de\/wp-json\/wp\/v2\/media?parent=39555"}],"wp:term":[{"taxonomy":"product_brand","embeddable":true,"href":"https:\/\/metalartconcept.com\/de\/wp-json\/wp\/v2\/product_brand?post=39555"},{"taxonomy":"product_cat","embeddable":true,"href":"https:\/\/metalartconcept.com\/de\/wp-json\/wp\/v2\/product_cat?post=39555"},{"taxonomy":"product_tag","embeddable":true,"href":"https:\/\/metalartconcept.com\/de\/wp-json\/wp\/v2\/product_tag?post=39555"}],"curies":[{"name":"wp","href":"https:\/\/api.w.org\/{rel}","templated":true}]}}