{"id":39544,"date":"2022-02-15T19:05:19","date_gmt":"2022-02-15T18:05:19","guid":{"rendered":"https:\/\/metalartconcept.com\/produit\/modzon-c04-purple-m-purple-gradiant\/"},"modified":"2025-07-17T00:05:20","modified_gmt":"2025-07-16T22:05:20","slug":"modzon-c04-purple-m-purple-gradiant","status":"publish","type":"product","link":"https:\/\/metalartconcept.com\/en\/produit\/modzon-c04-purple-m-purple-gradiant\/","title":{"rendered":"Modzon C04 Purple M\/Purple gradiant"},"content":{"rendered":"<p>Lunettes haut de gamme repr\u00e9sentant discr\u00e8tement sur les branches les traditions helv\u00e9tiques.<\/p>\n","protected":false},"excerpt":{"rendered":"<p>Lunettes haut de gamme repr\u00e9sentant discr\u00e8tement sur les branches les traditions helv\u00e9tiques.<\/p>\n","protected":false},"featured_media":37060,"template":"","meta":[],"product_brand":[],"product_cat":[488],"product_tag":[460],"class_list":{"0":"post-39544","1":"product","2":"type-product","3":"status-publish","4":"has-post-thumbnail","6":"product_cat-optics","7":"product_tag-dv-tradition-en","9":"first","10":"instock","11":"taxable","12":"shipping-taxable","13":"purchasable","14":"product-type-simple"},"_links":{"self":[{"href":"https:\/\/metalartconcept.com\/en\/wp-json\/wp\/v2\/product\/39544","targetHints":{"allow":["GET"]}}],"collection":[{"href":"https:\/\/metalartconcept.com\/en\/wp-json\/wp\/v2\/product"}],"about":[{"href":"https:\/\/metalartconcept.com\/en\/wp-json\/wp\/v2\/types\/product"}],"version-history":[{"count":1,"href":"https:\/\/metalartconcept.com\/en\/wp-json\/wp\/v2\/product\/39544\/revisions"}],"predecessor-version":[{"id":61836,"href":"https:\/\/metalartconcept.com\/en\/wp-json\/wp\/v2\/product\/39544\/revisions\/61836"}],"wp:featuredmedia":[{"embeddable":true,"href":"https:\/\/metalartconcept.com\/en\/wp-json\/wp\/v2\/media\/37060"}],"wp:attachment":[{"href":"https:\/\/metalartconcept.com\/en\/wp-json\/wp\/v2\/media?parent=39544"}],"wp:term":[{"taxonomy":"product_brand","embeddable":true,"href":"https:\/\/metalartconcept.com\/en\/wp-json\/wp\/v2\/product_brand?post=39544"},{"taxonomy":"product_cat","embeddable":true,"href":"https:\/\/metalartconcept.com\/en\/wp-json\/wp\/v2\/product_cat?post=39544"},{"taxonomy":"product_tag","embeddable":true,"href":"https:\/\/metalartconcept.com\/en\/wp-json\/wp\/v2\/product_tag?post=39544"}],"curies":[{"name":"wp","href":"https:\/\/api.w.org\/{rel}","templated":true}]}}