{"id":39814,"date":"2022-02-15T19:03:50","date_gmt":"2022-02-15T18:03:50","guid":{"rendered":"https:\/\/metalartconcept.com\/produit\/bredzon-c04-green-m-grey-gradiant-m\/"},"modified":"2025-01-07T00:01:53","modified_gmt":"2025-01-06T23:01:53","slug":"bredzon-c04-green-m-grey-gradiant-m","status":"publish","type":"product","link":"https:\/\/metalartconcept.com\/en\/produit\/bredzon-c04-green-m-grey-gradiant-m\/","title":{"rendered":"Bredzon C04 Green M\/Grey gradiant M"},"content":{"rendered":"<p>Lunettes haut de gamme repr\u00e9sentant discr\u00e8tement sur les branches les traditions helv\u00e9tiques.<\/p>\n","protected":false},"excerpt":{"rendered":"<p>Lunettes haut de gamme repr\u00e9sentant discr\u00e8tement sur les branches les traditions helv\u00e9tiques.<\/p>\n","protected":false},"featured_media":37069,"template":"","meta":[],"product_brand":[],"product_cat":[488],"product_tag":[460],"class_list":{"0":"post-39814","1":"product","2":"type-product","3":"status-publish","4":"has-post-thumbnail","6":"product_cat-optics","7":"product_tag-dv-tradition-en","9":"first","10":"instock","11":"taxable","12":"shipping-taxable","13":"purchasable","14":"product-type-simple"},"_links":{"self":[{"href":"https:\/\/metalartconcept.com\/en\/wp-json\/wp\/v2\/product\/39814","targetHints":{"allow":["GET"]}}],"collection":[{"href":"https:\/\/metalartconcept.com\/en\/wp-json\/wp\/v2\/product"}],"about":[{"href":"https:\/\/metalartconcept.com\/en\/wp-json\/wp\/v2\/types\/product"}],"version-history":[{"count":1,"href":"https:\/\/metalartconcept.com\/en\/wp-json\/wp\/v2\/product\/39814\/revisions"}],"predecessor-version":[{"id":61758,"href":"https:\/\/metalartconcept.com\/en\/wp-json\/wp\/v2\/product\/39814\/revisions\/61758"}],"wp:featuredmedia":[{"embeddable":true,"href":"https:\/\/metalartconcept.com\/en\/wp-json\/wp\/v2\/media\/37069"}],"wp:attachment":[{"href":"https:\/\/metalartconcept.com\/en\/wp-json\/wp\/v2\/media?parent=39814"}],"wp:term":[{"taxonomy":"product_brand","embeddable":true,"href":"https:\/\/metalartconcept.com\/en\/wp-json\/wp\/v2\/product_brand?post=39814"},{"taxonomy":"product_cat","embeddable":true,"href":"https:\/\/metalartconcept.com\/en\/wp-json\/wp\/v2\/product_cat?post=39814"},{"taxonomy":"product_tag","embeddable":true,"href":"https:\/\/metalartconcept.com\/en\/wp-json\/wp\/v2\/product_tag?post=39814"}],"curies":[{"name":"wp","href":"https:\/\/api.w.org\/{rel}","templated":true}]}}