{"id":74893,"date":"2025-09-18T20:19:01","date_gmt":"2025-09-18T18:19:01","guid":{"rendered":"https:\/\/metalartconcept.com\/produit\/modzon-c02-olive-green-m-olive-branche-droite\/"},"modified":"2025-09-19T10:25:09","modified_gmt":"2025-09-19T08:25:09","slug":"modzon-c02-olive-green-m-olive-branche-droite","status":"publish","type":"product","link":"https:\/\/metalartconcept.com\/en\/produit\/modzon-c02-olive-green-m-olive-branche-droite\/","title":{"rendered":"Modzon C02 Olive green M\/ Olive &#8211; Branche droite"},"content":{"rendered":"","protected":false},"excerpt":{"rendered":"<p>Lunettes haut de gamme repr\u00e9sentant discr\u00e8tement sur les branches les traditions helv\u00e9tiques.<\/p>\n","protected":false},"featured_media":0,"template":"","meta":[],"product_brand":[],"product_cat":[832],"product_tag":[],"class_list":{"0":"post-74893","1":"product","2":"type-product","3":"status-publish","5":"product_cat-piece-detachee","7":"first","8":"instock","9":"taxable","10":"shipping-taxable","11":"product-type-simple"},"_links":{"self":[{"href":"https:\/\/metalartconcept.com\/en\/wp-json\/wp\/v2\/product\/74893","targetHints":{"allow":["GET"]}}],"collection":[{"href":"https:\/\/metalartconcept.com\/en\/wp-json\/wp\/v2\/product"}],"about":[{"href":"https:\/\/metalartconcept.com\/en\/wp-json\/wp\/v2\/types\/product"}],"version-history":[{"count":0,"href":"https:\/\/metalartconcept.com\/en\/wp-json\/wp\/v2\/product\/74893\/revisions"}],"wp:attachment":[{"href":"https:\/\/metalartconcept.com\/en\/wp-json\/wp\/v2\/media?parent=74893"}],"wp:term":[{"taxonomy":"product_brand","embeddable":true,"href":"https:\/\/metalartconcept.com\/en\/wp-json\/wp\/v2\/product_brand?post=74893"},{"taxonomy":"product_cat","embeddable":true,"href":"https:\/\/metalartconcept.com\/en\/wp-json\/wp\/v2\/product_cat?post=74893"},{"taxonomy":"product_tag","embeddable":true,"href":"https:\/\/metalartconcept.com\/en\/wp-json\/wp\/v2\/product_tag?post=74893"}],"curies":[{"name":"wp","href":"https:\/\/api.w.org\/{rel}","templated":true}]}}